{"id":1549,"date":"2024-04-01T18:41:57","date_gmt":"2024-04-01T16:41:57","guid":{"rendered":"https:\/\/finlead.es\/controllers\/?page_id=1549"},"modified":"2024-05-26T19:24:39","modified_gmt":"2024-05-26T17:24:39","slug":"contabilidad","status":"publish","type":"page","link":"https:\/\/finlead.es\/controllers\/contabilidad\/","title":{"rendered":"Cash Management"},"content":{"rendered":"\t\t<div data-elementor-type=\"wp-page\" data-elementor-id=\"1549\" class=\"elementor elementor-1549\">\n\t\t\t\t<div class=\"elementor-element elementor-element-af9412d e-con-full e-flex e-con e-parent\" data-id=\"af9412d\" data-element_type=\"container\" data-settings=\"{&quot;background_background&quot;:&quot;classic&quot;,&quot;shape_divider_bottom&quot;:&quot;tilt&quot;}\">\n\t\t\t\t<div class=\"elementor-shape elementor-shape-bottom\" aria-hidden=\"true\" data-negative=\"false\">\n\t\t\t<svg xmlns=\"http:\/\/www.w3.org\/2000\/svg\" viewBox=\"0 0 1000 100\" preserveAspectRatio=\"none\">\n\t<path class=\"elementor-shape-fill\" d=\"M0,6V0h1000v100L0,6z\"\/>\n<\/svg>\t\t<\/div>\n\t\t<div class=\"elementor-element elementor-element-6d39f74 e-con-full e-flex e-con e-child\" data-id=\"6d39f74\" data-element_type=\"container\">\n\t\t\t\t<div class=\"elementor-element elementor-element-da65723 elementor-widget elementor-widget-icon-box\" data-id=\"da65723\" data-element_type=\"widget\" data-widget_type=\"icon-box.default\">\n\t\t\t\t<div class=\"elementor-widget-container\">\n\t\t\t\t\t\t\t<div class=\"elementor-icon-box-wrapper\">\n\n\t\t\t\n\t\t\t\t\t\t<div class=\"elementor-icon-box-content\">\n\n\t\t\t\t\t\t\t\t\t<h1 class=\"elementor-icon-box-title\">\n\t\t\t\t\t\t<span  >\n\t\t\t\t\t\t\tCashflow Management\t\t\t\t\t\t<\/span>\n\t\t\t\t\t<\/h1>\n\t\t\t\t\n\t\t\t\t\t\t\t\t\t<p class=\"elementor-icon-box-description\">\n\t\t\t\t\t\tTesorer\u00eda, cash, tarjetas virtuales, PO's, liquidaciones.\t\t\t\t\t<\/p>\n\t\t\t\t\n\t\t\t<\/div>\n\t\t\t\n\t\t<\/div>\n\t\t\t\t\t\t<\/div>\n\t\t\t\t<\/div>\n\t\t\t\t<\/div>\n\t\t\t\t<\/div>\n\t\t<div class=\"elementor-element elementor-element-6b1874c e-flex e-con-boxed e-con e-parent\" data-id=\"6b1874c\" data-element_type=\"container\" data-settings=\"{&quot;background_background&quot;:&quot;classic&quot;}\">\n\t\t\t\t\t<div class=\"e-con-inner\">\n\t\t<div class=\"elementor-element elementor-element-439e0a0 e-con-full e-flex e-con e-child\" data-id=\"439e0a0\" data-element_type=\"container\">\n\t\t<div class=\"elementor-element elementor-element-7d14d1a e-con-full e-flex e-con e-child\" data-id=\"7d14d1a\" data-element_type=\"container\">\n\t\t\t\t<div class=\"elementor-element elementor-element-8b0ee63 elementor-vertical-align-top elementor-invisible elementor-widget elementor-widget-icon-box\" data-id=\"8b0ee63\" data-element_type=\"widget\" data-settings=\"{&quot;_animation&quot;:&quot;fadeInDown&quot;}\" data-widget_type=\"icon-box.default\">\n\t\t\t\t<div class=\"elementor-widget-container\">\n\t\t\t\t\t\t\t<div class=\"elementor-icon-box-wrapper\">\n\n\t\t\t\n\t\t\t\t\t\t<div class=\"elementor-icon-box-content\">\n\n\t\t\t\t\t\t\t\t\t<h4 class=\"elementor-icon-box-title\">\n\t\t\t\t\t\t<span  >\n\t\t\t\t\t\t\tC\u00f3mo trabajamos\t\t\t\t\t\t<\/span>\n\t\t\t\t\t<\/h4>\n\t\t\t\t\n\t\t\t\t\t\t\t\t\t<p class=\"elementor-icon-box-description\">\n\t\t\t\t\t\t<br>Gesti\u00f3n de Tesorer\u00eda y Servicios Financieros<br><br>\nEn FILM FINANCE SUPPORT SPAIN, entendemos la importancia de una gesti\u00f3n financiera eficiente para el \u00e9xito de tu productora audiovisual. Por ello, ofrecemos una gama completa de servicios de tesorer\u00eda dise\u00f1ados para simplificar y optimizar tus operaciones econ\u00f3micas.<br>\n<br>\nTesorer\u00eda y Gesti\u00f3n de Efectivo<br>\nNuestro servicio de tesorer\u00eda se encarga de la administraci\u00f3n integral de tus fondos. Gestionamos el flujo de caja (cash management) para asegurarnos de que siempre tengas liquidez suficiente para cubrir tus gastos operativos y aprovechar oportunidades de inversi\u00f3n.<br>\n<br>\nTarjetas Virtuales<br>\nPara facilitar las transacciones diarias y mejorar el control de gastos, proporcionamos tarjetas virtuales a trav\u00e9s de plataformas como Pleo, Qonto y Fuell. Estas herramientas permiten una gesti\u00f3n eficiente y transparente de los pagos, ofreciendo beneficios como:\n<br><br>\n- Control de Gastos: Asigna tarjetas virtuales a los miembros de tu equipo y establece l\u00edmites de gasto personalizados.<br>\n- Transparencia: Monitorea en tiempo real las transacciones realizadas con las tarjetas virtuales.<br>\n- Facilidad de Uso: Simplifica los procesos de pago y reduce la carga administrativa con informes autom\u00e1ticos y categorizaci\u00f3n de gastos.\n<br>- Liquidaciones de Crew\nNos encargamos de la gesti\u00f3n y liquidaci\u00f3n de pagos para todos los miembros de tu equipo (crew). Este servicio incluye:\n<br><br>\n- Gesti\u00f3n de N\u00f3minas: Procesamos los pagos de n\u00f3minas de manera puntual y precisa.<br>\n- Reembolsos: Administramos los reembolsos de gastos de tu equipo de manera eficiente.<br>\n- Informes Detallados: Proporcionamos reportes claros y detallados sobre todas las liquidaciones realizadas, asegurando la transparencia y el cumplimiento de tus pol\u00edticas financieras.<br><br>\nBeneficios de Nuestros Servicios<br>\n- Optimizaci\u00f3n del Flujo de Caja: Aseguramos una gesti\u00f3n eficiente de tus recursos financieros para mantener una liquidez adecuada.<br>\n- Control y Transparencia: Nuestras soluciones de tarjetas virtuales y gesti\u00f3n de pagos garantizan un control riguroso y transparente de todos los gastos.<br>\n- Eficiencia Administrativa: Simplificamos la administraci\u00f3n de pagos y liquidaciones, reduciendo la carga administrativa y permiti\u00e9ndote concentrarte en la producci\u00f3n.\n\t\t\t\t\t<\/p>\n\t\t\t\t\n\t\t\t<\/div>\n\t\t\t\n\t\t<\/div>\n\t\t\t\t\t\t<\/div>\n\t\t\t\t<\/div>\n\t\t\t\t<\/div>\n\t\t\t\t<\/div>\n\t\t\t\t<div class=\"elementor-element elementor-element-e8e1b18 elementor-invisible elementor-widget elementor-widget-image\" data-id=\"e8e1b18\" data-element_type=\"widget\" data-settings=\"{&quot;_animation&quot;:&quot;fadeInUp&quot;}\" data-widget_type=\"image.default\">\n\t\t\t\t<div class=\"elementor-widget-container\">\n\t\t\t\t\t\t\t\t\t\t\t\t\t\t\t<img fetchpriority=\"high\" decoding=\"async\" width=\"351\" height=\"351\" src=\"https:\/\/finlead.es\/controllers\/wp-content\/uploads\/2024\/05\/OIG1.jpg\" class=\"attachment-large size-large wp-image-1885\" alt=\"\" srcset=\"https:\/\/finlead.es\/controllers\/wp-content\/uploads\/2024\/05\/OIG1.jpg 351w, https:\/\/finlead.es\/controllers\/wp-content\/uploads\/2024\/05\/OIG1-300x300.jpg 300w, https:\/\/finlead.es\/controllers\/wp-content\/uploads\/2024\/05\/OIG1-150x150.jpg 150w\" sizes=\"(max-width: 351px) 100vw, 351px\" \/>\t\t\t\t\t\t\t\t\t\t\t\t\t\t\t<\/div>\n\t\t\t\t<\/div>\n\t\t\t\t\t<\/div>\n\t\t\t\t<\/div>\n\t\t\t\t<\/div>\n\t\t","protected":false},"excerpt":{"rendered":"<p>Cashflow Management Tesorer\u00eda, cash, tarjetas virtuales, PO&#8217;s, liquidaciones. C\u00f3mo trabajamos Gesti\u00f3n de Tesorer\u00eda y Servicios Financieros En FILM FINANCE SUPPORT SPAIN, entendemos la importancia de una gesti\u00f3n financiera eficiente para el \u00e9xito de tu productora audiovisual. Por ello, ofrecemos una gama completa de servicios de tesorer\u00eda dise\u00f1ados para simplificar y optimizar tus operaciones econ\u00f3micas. Tesorer\u00eda [&hellip;]<\/p>\n","protected":false},"author":1,"featured_media":0,"parent":0,"menu_order":0,"comment_status":"closed","ping_status":"closed","template":"","meta":{"_uag_custom_page_level_css":"","site-sidebar-layout":"no-sidebar","site-content-layout":"page-builder","ast-site-content-layout":"default","site-content-style":"default","site-sidebar-style":"default","ast-global-header-display":"","ast-banner-title-visibility":"","ast-main-header-display":"","ast-hfb-above-header-display":"","ast-hfb-below-header-display":"","ast-hfb-mobile-header-display":"","site-post-title":"disabled","ast-breadcrumbs-content":"disabled","ast-featured-img":"disabled","footer-sml-layout":"","theme-transparent-header-meta":"enabled","adv-header-id-meta":"","stick-header-meta":"","header-above-stick-meta":"","header-main-stick-meta":"","header-below-stick-meta":"","astra-migrate-meta-layouts":"default","ast-page-background-enabled":"default","ast-page-background-meta":{"desktop":{"background-color":"","background-image":"","background-repeat":"repeat","background-position":"center center","background-size":"auto","background-attachment":"scroll","background-type":"","background-media":"","overlay-type":"","overlay-color":"","overlay-opacity":"","overlay-gradient":""},"tablet":{"background-color":"","background-image":"","background-repeat":"repeat","background-position":"center center","background-size":"auto","background-attachment":"scroll","background-type":"","background-media":"","overlay-type":"","overlay-color":"","overlay-opacity":"","overlay-gradient":""},"mobile":{"background-color":"","background-image":"","background-repeat":"repeat","background-position":"center center","background-size":"auto","background-attachment":"scroll","background-type":"","background-media":"","overlay-type":"","overlay-color":"","overlay-opacity":"","overlay-gradient":""}},"ast-content-background-meta":{"desktop":{"background-color":"var(--ast-global-color-5)","background-image":"","background-repeat":"repeat","background-position":"center center","background-size":"auto","background-attachment":"scroll","background-type":"","background-media":"","overlay-type":"","overlay-color":"","overlay-opacity":"","overlay-gradient":""},"tablet":{"background-color":"var(--ast-global-color-5)","background-image":"","background-repeat":"repeat","background-position":"center center","background-size":"auto","background-attachment":"scroll","background-type":"","background-media":"","overlay-type":"","overlay-color":"","overlay-opacity":"","overlay-gradient":""},"mobile":{"background-color":"var(--ast-global-color-5)","background-image":"","background-repeat":"repeat","background-position":"center center","background-size":"auto","background-attachment":"scroll","background-type":"","background-media":"","overlay-type":"","overlay-color":"","overlay-opacity":"","overlay-gradient":""}},"footnotes":""},"class_list":["post-1549","page","type-page","status-publish","hentry"],"uagb_featured_image_src":{"full":false,"thumbnail":false,"medium":false,"medium_large":false,"large":false,"1536x1536":false,"2048x2048":false},"uagb_author_info":{"display_name":"admin","author_link":"https:\/\/finlead.es\/controllers\/author\/admin\/"},"uagb_comment_info":0,"uagb_excerpt":"Cashflow Management Tesorer\u00eda, cash, tarjetas virtuales, PO&#8217;s, liquidaciones. C\u00f3mo trabajamos Gesti\u00f3n de Tesorer\u00eda y Servicios Financieros En FILM FINANCE SUPPORT SPAIN, entendemos la importancia de una gesti\u00f3n financiera eficiente para el \u00e9xito de tu productora audiovisual. Por ello, ofrecemos una gama completa de servicios de tesorer\u00eda dise\u00f1ados para simplificar y optimizar tus operaciones econ\u00f3micas. Tesorer\u00eda&hellip;","_links":{"self":[{"href":"https:\/\/finlead.es\/controllers\/wp-json\/wp\/v2\/pages\/1549","targetHints":{"allow":["GET"]}}],"collection":[{"href":"https:\/\/finlead.es\/controllers\/wp-json\/wp\/v2\/pages"}],"about":[{"href":"https:\/\/finlead.es\/controllers\/wp-json\/wp\/v2\/types\/page"}],"author":[{"embeddable":true,"href":"https:\/\/finlead.es\/controllers\/wp-json\/wp\/v2\/users\/1"}],"replies":[{"embeddable":true,"href":"https:\/\/finlead.es\/controllers\/wp-json\/wp\/v2\/comments?post=1549"}],"version-history":[{"count":29,"href":"https:\/\/finlead.es\/controllers\/wp-json\/wp\/v2\/pages\/1549\/revisions"}],"predecessor-version":[{"id":1900,"href":"https:\/\/finlead.es\/controllers\/wp-json\/wp\/v2\/pages\/1549\/revisions\/1900"}],"wp:attachment":[{"href":"https:\/\/finlead.es\/controllers\/wp-json\/wp\/v2\/media?parent=1549"}],"curies":[{"name":"wp","href":"https:\/\/api.w.org\/{rel}","templated":true}]}}