{"id":1566,"date":"2024-04-01T18:58:33","date_gmt":"2024-04-01T16:58:33","guid":{"rendered":"https:\/\/finlead.es\/controllers\/?page_id=1566"},"modified":"2024-09-12T21:39:35","modified_gmt":"2024-09-12T19:39:35","slug":"cfo","status":"publish","type":"page","link":"https:\/\/finlead.es\/controllers\/cfo\/","title":{"rendered":"CFO"},"content":{"rendered":"\t\t<div data-elementor-type=\"wp-page\" data-elementor-id=\"1566\" class=\"elementor elementor-1566\">\n\t\t\t\t<div class=\"elementor-element elementor-element-af9412d e-con-full e-flex e-con e-parent\" data-id=\"af9412d\" data-element_type=\"container\" data-settings=\"{&quot;background_background&quot;:&quot;classic&quot;,&quot;shape_divider_bottom&quot;:&quot;tilt&quot;}\">\n\t\t\t\t<div class=\"elementor-shape elementor-shape-bottom\" aria-hidden=\"true\" data-negative=\"false\">\n\t\t\t<svg xmlns=\"http:\/\/www.w3.org\/2000\/svg\" viewBox=\"0 0 1000 100\" preserveAspectRatio=\"none\">\n\t<path class=\"elementor-shape-fill\" d=\"M0,6V0h1000v100L0,6z\"\/>\n<\/svg>\t\t<\/div>\n\t\t<div class=\"elementor-element elementor-element-6d39f74 e-con-full e-flex e-con e-child\" data-id=\"6d39f74\" data-element_type=\"container\">\n\t\t\t\t<div class=\"elementor-element elementor-element-da65723 elementor-widget elementor-widget-icon-box\" data-id=\"da65723\" data-element_type=\"widget\" data-widget_type=\"icon-box.default\">\n\t\t\t\t<div class=\"elementor-widget-container\">\n\t\t\t\t\t\t\t<div class=\"elementor-icon-box-wrapper\">\n\n\t\t\t\n\t\t\t\t\t\t<div class=\"elementor-icon-box-content\">\n\n\t\t\t\t\t\t\t\t\t<h1 class=\"elementor-icon-box-title\">\n\t\t\t\t\t\t<span  >\n\t\t\t\t\t\t\tCFO as a service\t\t\t\t\t\t<\/span>\n\t\t\t\t\t<\/h1>\n\t\t\t\t\n\t\t\t\t\t\t\t\t\t<p class=\"elementor-icon-box-description\">\n\t\t\t\t\t\tEl CFO en la industria audiovisual y cinematogr\u00e1fica supervisa la gesti\u00f3n financiera estrat\u00e9gica, <br>\ngarantizando el uso eficiente de los recursos y evaluando el rendimiento financiero de los proyectos.\t\t\t\t\t<\/p>\n\t\t\t\t\n\t\t\t<\/div>\n\t\t\t\n\t\t<\/div>\n\t\t\t\t\t\t<\/div>\n\t\t\t\t<\/div>\n\t\t\t\t<\/div>\n\t\t\t\t<\/div>\n\t\t<div class=\"elementor-element elementor-element-6b1874c e-flex e-con-boxed e-con e-parent\" data-id=\"6b1874c\" data-element_type=\"container\" data-settings=\"{&quot;background_background&quot;:&quot;classic&quot;}\">\n\t\t\t\t\t<div class=\"e-con-inner\">\n\t\t<div class=\"elementor-element elementor-element-439e0a0 e-con-full e-flex e-con e-child\" data-id=\"439e0a0\" data-element_type=\"container\">\n\t\t<div class=\"elementor-element elementor-element-7d14d1a e-con-full e-flex e-con e-child\" data-id=\"7d14d1a\" data-element_type=\"container\">\n\t\t\t\t<div class=\"elementor-element elementor-element-8b0ee63 elementor-vertical-align-top elementor-invisible elementor-widget elementor-widget-icon-box\" data-id=\"8b0ee63\" data-element_type=\"widget\" data-settings=\"{&quot;_animation&quot;:&quot;fadeInDown&quot;}\" data-widget_type=\"icon-box.default\">\n\t\t\t\t<div class=\"elementor-widget-container\">\n\t\t\t\t\t\t\t<div class=\"elementor-icon-box-wrapper\">\n\n\t\t\t\n\t\t\t\t\t\t<div class=\"elementor-icon-box-content\">\n\n\t\t\t\t\t\t\t\t\t<h4 class=\"elementor-icon-box-title\">\n\t\t\t\t\t\t<span  >\n\t\t\t\t\t\t\tCFO services\t\t\t\t\t\t<\/span>\n\t\t\t\t\t<\/h4>\n\t\t\t\t\n\t\t\t\t\t\t\t\t\t<p class=\"elementor-icon-box-description\">\n\t\t\t\t\t\tUn CFO (Chief Financial Officer) en la industria audiovisual y cinematogr\u00e1fica desempe\u00f1a un papel crucial en la gesti\u00f3n financiera estrat\u00e9gica de las empresas de producci\u00f3n. Supervisa los presupuestos de proyectos cinematogr\u00e1ficos, asegura el cumplimiento de los plazos financieros y la eficiencia en el uso de los recursos. Adem\u00e1s, se encarga de analizar el rendimiento financiero de las pel\u00edculas y evaluar el retorno de la inversi\u00f3n. Su experiencia en finanzas corporativas permite una toma de decisiones informada, maximizando el potencial de \u00e9xito de cada proyecto cinematogr\u00e1fico.\t\t\t\t\t<\/p>\n\t\t\t\t\n\t\t\t<\/div>\n\t\t\t\n\t\t<\/div>\n\t\t\t\t\t\t<\/div>\n\t\t\t\t<\/div>\n\t\t\t\t<\/div>\n\t\t\t\t<\/div>\n\t\t\t\t<div class=\"elementor-element elementor-element-e8e1b18 elementor-widget elementor-widget-image\" data-id=\"e8e1b18\" data-element_type=\"widget\" data-widget_type=\"image.default\">\n\t\t\t\t<div class=\"elementor-widget-container\">\n\t\t\t\t\t\t\t\t\t\t\t\t\t\t\t<img fetchpriority=\"high\" decoding=\"async\" width=\"351\" height=\"351\" src=\"https:\/\/finlead.es\/controllers\/wp-content\/uploads\/2024\/05\/OIG1-2.jpg\" class=\"attachment-large size-large wp-image-1883\" alt=\"\" srcset=\"https:\/\/finlead.es\/controllers\/wp-content\/uploads\/2024\/05\/OIG1-2.jpg 351w, https:\/\/finlead.es\/controllers\/wp-content\/uploads\/2024\/05\/OIG1-2-300x300.jpg 300w, https:\/\/finlead.es\/controllers\/wp-content\/uploads\/2024\/05\/OIG1-2-150x150.jpg 150w\" sizes=\"(max-width: 351px) 100vw, 351px\" \/>\t\t\t\t\t\t\t\t\t\t\t\t\t\t\t<\/div>\n\t\t\t\t<\/div>\n\t\t\t\t\t<\/div>\n\t\t\t\t<\/div>\n\t\t\t\t<\/div>\n\t\t","protected":false},"excerpt":{"rendered":"<p>CFO as a service El CFO en la industria audiovisual y cinematogr\u00e1fica supervisa la gesti\u00f3n financiera estrat\u00e9gica, garantizando el uso eficiente de los recursos y evaluando el rendimiento financiero de los proyectos. CFO services Un CFO (Chief Financial Officer) en la industria audiovisual y cinematogr\u00e1fica desempe\u00f1a un papel crucial en la gesti\u00f3n financiera estrat\u00e9gica de [&hellip;]<\/p>\n","protected":false},"author":1,"featured_media":0,"parent":0,"menu_order":0,"comment_status":"closed","ping_status":"closed","template":"","meta":{"_uag_custom_page_level_css":"","site-sidebar-layout":"no-sidebar","site-content-layout":"page-builder","ast-site-content-layout":"default","site-content-style":"default","site-sidebar-style":"default","ast-global-header-display":"","ast-banner-title-visibility":"","ast-main-header-display":"","ast-hfb-above-header-display":"","ast-hfb-below-header-display":"","ast-hfb-mobile-header-display":"","site-post-title":"disabled","ast-breadcrumbs-content":"disabled","ast-featured-img":"disabled","footer-sml-layout":"","theme-transparent-header-meta":"enabled","adv-header-id-meta":"","stick-header-meta":"","header-above-stick-meta":"","header-main-stick-meta":"","header-below-stick-meta":"","astra-migrate-meta-layouts":"default","ast-page-background-enabled":"default","ast-page-background-meta":{"desktop":{"background-color":"","background-image":"","background-repeat":"repeat","background-position":"center center","background-size":"auto","background-attachment":"scroll","background-type":"","background-media":"","overlay-type":"","overlay-color":"","overlay-opacity":"","overlay-gradient":""},"tablet":{"background-color":"","background-image":"","background-repeat":"repeat","background-position":"center center","background-size":"auto","background-attachment":"scroll","background-type":"","background-media":"","overlay-type":"","overlay-color":"","overlay-opacity":"","overlay-gradient":""},"mobile":{"background-color":"","background-image":"","background-repeat":"repeat","background-position":"center center","background-size":"auto","background-attachment":"scroll","background-type":"","background-media":"","overlay-type":"","overlay-color":"","overlay-opacity":"","overlay-gradient":""}},"ast-content-background-meta":{"desktop":{"background-color":"var(--ast-global-color-5)","background-image":"","background-repeat":"repeat","background-position":"center center","background-size":"auto","background-attachment":"scroll","background-type":"","background-media":"","overlay-type":"","overlay-color":"","overlay-opacity":"","overlay-gradient":""},"tablet":{"background-color":"var(--ast-global-color-5)","background-image":"","background-repeat":"repeat","background-position":"center center","background-size":"auto","background-attachment":"scroll","background-type":"","background-media":"","overlay-type":"","overlay-color":"","overlay-opacity":"","overlay-gradient":""},"mobile":{"background-color":"var(--ast-global-color-5)","background-image":"","background-repeat":"repeat","background-position":"center center","background-size":"auto","background-attachment":"scroll","background-type":"","background-media":"","overlay-type":"","overlay-color":"","overlay-opacity":"","overlay-gradient":""}},"footnotes":""},"class_list":["post-1566","page","type-page","status-publish","hentry"],"uagb_featured_image_src":{"full":false,"thumbnail":false,"medium":false,"medium_large":false,"large":false,"1536x1536":false,"2048x2048":false},"uagb_author_info":{"display_name":"admin","author_link":"https:\/\/finlead.es\/controllers\/author\/admin\/"},"uagb_comment_info":0,"uagb_excerpt":"CFO as a service El CFO en la industria audiovisual y cinematogr\u00e1fica supervisa la gesti\u00f3n financiera estrat\u00e9gica, garantizando el uso eficiente de los recursos y evaluando el rendimiento financiero de los proyectos. CFO services Un CFO (Chief Financial Officer) en la industria audiovisual y cinematogr\u00e1fica desempe\u00f1a un papel crucial en la gesti\u00f3n financiera estrat\u00e9gica de&hellip;","_links":{"self":[{"href":"https:\/\/finlead.es\/controllers\/wp-json\/wp\/v2\/pages\/1566","targetHints":{"allow":["GET"]}}],"collection":[{"href":"https:\/\/finlead.es\/controllers\/wp-json\/wp\/v2\/pages"}],"about":[{"href":"https:\/\/finlead.es\/controllers\/wp-json\/wp\/v2\/types\/page"}],"author":[{"embeddable":true,"href":"https:\/\/finlead.es\/controllers\/wp-json\/wp\/v2\/users\/1"}],"replies":[{"embeddable":true,"href":"https:\/\/finlead.es\/controllers\/wp-json\/wp\/v2\/comments?post=1566"}],"version-history":[{"count":22,"href":"https:\/\/finlead.es\/controllers\/wp-json\/wp\/v2\/pages\/1566\/revisions"}],"predecessor-version":[{"id":1940,"href":"https:\/\/finlead.es\/controllers\/wp-json\/wp\/v2\/pages\/1566\/revisions\/1940"}],"wp:attachment":[{"href":"https:\/\/finlead.es\/controllers\/wp-json\/wp\/v2\/media?parent=1566"}],"curies":[{"name":"wp","href":"https:\/\/api.w.org\/{rel}","templated":true}]}}