{"id":1568,"date":"2024-04-01T18:58:58","date_gmt":"2024-04-01T16:58:58","guid":{"rendered":"https:\/\/finlead.es\/controllers\/?page_id=1568"},"modified":"2024-05-26T19:23:16","modified_gmt":"2024-05-26T17:23:16","slug":"admin","status":"publish","type":"page","link":"https:\/\/finlead.es\/controllers\/admin\/","title":{"rendered":"Admin"},"content":{"rendered":"\t\t<div data-elementor-type=\"wp-page\" data-elementor-id=\"1568\" class=\"elementor elementor-1568\">\n\t\t\t\t<div class=\"elementor-element elementor-element-af9412d e-con-full e-flex e-con e-parent\" data-id=\"af9412d\" data-element_type=\"container\" data-settings=\"{&quot;background_background&quot;:&quot;classic&quot;,&quot;shape_divider_bottom&quot;:&quot;tilt&quot;}\">\n\t\t\t\t<div class=\"elementor-shape elementor-shape-bottom\" aria-hidden=\"true\" data-negative=\"false\">\n\t\t\t<svg xmlns=\"http:\/\/www.w3.org\/2000\/svg\" viewBox=\"0 0 1000 100\" preserveAspectRatio=\"none\">\n\t<path class=\"elementor-shape-fill\" d=\"M0,6V0h1000v100L0,6z\"\/>\n<\/svg>\t\t<\/div>\n\t\t<div class=\"elementor-element elementor-element-6d39f74 e-con-full e-flex e-con e-child\" data-id=\"6d39f74\" data-element_type=\"container\">\n\t\t\t\t<div class=\"elementor-element elementor-element-da65723 elementor-widget elementor-widget-icon-box\" data-id=\"da65723\" data-element_type=\"widget\" data-widget_type=\"icon-box.default\">\n\t\t\t\t<div class=\"elementor-widget-container\">\n\t\t\t\t\t\t\t<div class=\"elementor-icon-box-wrapper\">\n\n\t\t\t\n\t\t\t\t\t\t<div class=\"elementor-icon-box-content\">\n\n\t\t\t\t\t\t\t\t\t<h1 class=\"elementor-icon-box-title\">\n\t\t\t\t\t\t<span  >\n\t\t\t\t\t\t\tADMIN GENERAL\t\t\t\t\t\t<\/span>\n\t\t\t\t\t<\/h1>\n\t\t\t\t\n\t\t\t\t\t\t\t\t\t<p class=\"elementor-icon-box-description\">\n\t\t\t\t\t\tPO's management, Payroll Services, Accounts Payable\t\t\t\t\t<\/p>\n\t\t\t\t\n\t\t\t<\/div>\n\t\t\t\n\t\t<\/div>\n\t\t\t\t\t\t<\/div>\n\t\t\t\t<\/div>\n\t\t\t\t<\/div>\n\t\t\t\t<\/div>\n\t\t<div class=\"elementor-element elementor-element-6b1874c e-flex e-con-boxed e-con e-parent\" data-id=\"6b1874c\" data-element_type=\"container\" data-settings=\"{&quot;background_background&quot;:&quot;classic&quot;}\">\n\t\t\t\t\t<div class=\"e-con-inner\">\n\t\t<div class=\"elementor-element elementor-element-439e0a0 e-con-full e-flex e-con e-child\" data-id=\"439e0a0\" data-element_type=\"container\">\n\t\t<div class=\"elementor-element elementor-element-7d14d1a e-con-full e-flex e-con e-child\" data-id=\"7d14d1a\" data-element_type=\"container\">\n\t\t\t\t<div class=\"elementor-element elementor-element-8b0ee63 elementor-vertical-align-top elementor-invisible elementor-widget elementor-widget-icon-box\" data-id=\"8b0ee63\" data-element_type=\"widget\" data-settings=\"{&quot;_animation&quot;:&quot;fadeInDown&quot;}\" data-widget_type=\"icon-box.default\">\n\t\t\t\t<div class=\"elementor-widget-container\">\n\t\t\t\t\t\t\t<div class=\"elementor-icon-box-wrapper\">\n\n\t\t\t\n\t\t\t\t\t\t<div class=\"elementor-icon-box-content\">\n\n\t\t\t\t\t\t\t\t\t<h4 class=\"elementor-icon-box-title\">\n\t\t\t\t\t\t<span  >\n\t\t\t\t\t\t\tAdministraci\u00f3n General\t\t\t\t\t\t<\/span>\n\t\t\t\t\t<\/h4>\n\t\t\t\t\n\t\t\t\t\t\t\t\t\t<p class=\"elementor-icon-box-description\">\n\t\t\t\t\t\tEn el din\u00e1mico mundo de la producci\u00f3n audiovisual, mantener una gesti\u00f3n financiera precisa y eficiente es esencial. <br>En Film Finance Support Spain, nos especializamos en la gesti\u00f3n integral de todas las transacciones econ\u00f3micas y administrativas de tu productora audiovisual. <br><br>Ofrecemos una gama completa de servicios dise\u00f1ados para optimizar la eficiencia y la rentabilidad de tus proyectos. Nuestro equipo de expertos se encarga de cada detalle para que puedas concentrarte en lo que mejor haces: crear contenido de calidad.<br><br>\nNuestros Servicios<br>\n- Gesti\u00f3n de \u00d3rdenes de Compra (PO's Management): Manejamos todo el proceso de emisi\u00f3n y seguimiento de \u00f3rdenes de compra, asegurando que tus adquisiciones sean eficientes y est\u00e9n bien documentadas.<br><br>\n- Servicios de N\u00f3mina (Payroll Services): Nos encargamos de la gesti\u00f3n completa de las n\u00f3minas de tu equipo, garantizando que todos los pagos se realicen de manera puntual y precisa.<br><br>\n- Cuentas por Pagar (Accounts Payable): Gestionamos tus cuentas por pagar, asegurando que todas las facturas se procesen y paguen dentro de los plazos acordados, manteniendo buenas relaciones con tus proveedores.\n<br><br>\n- Pagos de Remesas: Administramos los pagos de remesas a 30 y 60 d\u00edas por proyectos, asegurando que cada transacci\u00f3n se realice de manera oportuna y sin contratiempos.\n<br><br>\n- An\u00e1lisis de P\u00e9rdidas y Ganancias: Realizamos an\u00e1lisis detallados de p\u00e9rdidas y ganancias por proyecto, proporcionando informes claros y precisos para ayudarte a tomar decisiones informadas y estrat\u00e9gicas.\n<br><br>\nBeneficios de Nuestros Servicios<br>\n- Optimizaci\u00f3n del Tiempo: Al delegar la gesti\u00f3n administrativa y financiera en nosotros, puedes concentrarte en la creatividad y producci\u00f3n de tus proyectos.<br><br>\n- Precisi\u00f3n y Cumplimiento: Nos aseguramos de que todas las transacciones se realicen con precisi\u00f3n y cumplan con las normativas vigentes.<br><br>\n- Informaci\u00f3n Estrat\u00e9gica: Te proporcionamos an\u00e1lisis y reportes detallados que te permiten entender mejor la rentabilidad de tus proyectos y \u00e1reas de mejora.<br><br>\t\t\t\t\t<\/p>\n\t\t\t\t\n\t\t\t<\/div>\n\t\t\t\n\t\t<\/div>\n\t\t\t\t\t\t<\/div>\n\t\t\t\t<\/div>\n\t\t\t\t<\/div>\n\t\t\t\t<\/div>\n\t\t\t\t<div class=\"elementor-element elementor-element-e8e1b18 elementor-invisible elementor-widget elementor-widget-image\" data-id=\"e8e1b18\" data-element_type=\"widget\" data-settings=\"{&quot;_animation&quot;:&quot;fadeInUp&quot;}\" data-widget_type=\"image.default\">\n\t\t\t\t<div class=\"elementor-widget-container\">\n\t\t\t\t\t\t\t\t\t\t\t\t\t\t\t<img fetchpriority=\"high\" decoding=\"async\" width=\"351\" height=\"351\" src=\"https:\/\/finlead.es\/controllers\/wp-content\/uploads\/2024\/05\/OIG1-3.jpg\" class=\"attachment-large size-large wp-image-1884\" alt=\"\" srcset=\"https:\/\/finlead.es\/controllers\/wp-content\/uploads\/2024\/05\/OIG1-3.jpg 351w, https:\/\/finlead.es\/controllers\/wp-content\/uploads\/2024\/05\/OIG1-3-300x300.jpg 300w, https:\/\/finlead.es\/controllers\/wp-content\/uploads\/2024\/05\/OIG1-3-150x150.jpg 150w\" sizes=\"(max-width: 351px) 100vw, 351px\" \/>\t\t\t\t\t\t\t\t\t\t\t\t\t\t\t<\/div>\n\t\t\t\t<\/div>\n\t\t\t\t\t<\/div>\n\t\t\t\t<\/div>\n\t\t\t\t<\/div>\n\t\t","protected":false},"excerpt":{"rendered":"<p>ADMIN GENERAL PO&#8217;s management, Payroll Services, Accounts Payable Administraci\u00f3n General En el din\u00e1mico mundo de la producci\u00f3n audiovisual, mantener una gesti\u00f3n financiera precisa y eficiente es esencial. En Film Finance Support Spain, nos especializamos en la gesti\u00f3n integral de todas las transacciones econ\u00f3micas y administrativas de tu productora audiovisual. Ofrecemos una gama completa de servicios [&hellip;]<\/p>\n","protected":false},"author":1,"featured_media":0,"parent":0,"menu_order":0,"comment_status":"closed","ping_status":"closed","template":"","meta":{"_uag_custom_page_level_css":"","site-sidebar-layout":"no-sidebar","site-content-layout":"page-builder","ast-site-content-layout":"default","site-content-style":"default","site-sidebar-style":"default","ast-global-header-display":"","ast-banner-title-visibility":"","ast-main-header-display":"","ast-hfb-above-header-display":"","ast-hfb-below-header-display":"","ast-hfb-mobile-header-display":"","site-post-title":"disabled","ast-breadcrumbs-content":"disabled","ast-featured-img":"disabled","footer-sml-layout":"","theme-transparent-header-meta":"enabled","adv-header-id-meta":"","stick-header-meta":"","header-above-stick-meta":"","header-main-stick-meta":"","header-below-stick-meta":"","astra-migrate-meta-layouts":"default","ast-page-background-enabled":"default","ast-page-background-meta":{"desktop":{"background-color":"","background-image":"","background-repeat":"repeat","background-position":"center center","background-size":"auto","background-attachment":"scroll","background-type":"","background-media":"","overlay-type":"","overlay-color":"","overlay-opacity":"","overlay-gradient":""},"tablet":{"background-color":"","background-image":"","background-repeat":"repeat","background-position":"center center","background-size":"auto","background-attachment":"scroll","background-type":"","background-media":"","overlay-type":"","overlay-color":"","overlay-opacity":"","overlay-gradient":""},"mobile":{"background-color":"","background-image":"","background-repeat":"repeat","background-position":"center center","background-size":"auto","background-attachment":"scroll","background-type":"","background-media":"","overlay-type":"","overlay-color":"","overlay-opacity":"","overlay-gradient":""}},"ast-content-background-meta":{"desktop":{"background-color":"var(--ast-global-color-5)","background-image":"","background-repeat":"repeat","background-position":"center center","background-size":"auto","background-attachment":"scroll","background-type":"","background-media":"","overlay-type":"","overlay-color":"","overlay-opacity":"","overlay-gradient":""},"tablet":{"background-color":"var(--ast-global-color-5)","background-image":"","background-repeat":"repeat","background-position":"center center","background-size":"auto","background-attachment":"scroll","background-type":"","background-media":"","overlay-type":"","overlay-color":"","overlay-opacity":"","overlay-gradient":""},"mobile":{"background-color":"var(--ast-global-color-5)","background-image":"","background-repeat":"repeat","background-position":"center center","background-size":"auto","background-attachment":"scroll","background-type":"","background-media":"","overlay-type":"","overlay-color":"","overlay-opacity":"","overlay-gradient":""}},"footnotes":""},"class_list":["post-1568","page","type-page","status-publish","hentry"],"uagb_featured_image_src":{"full":false,"thumbnail":false,"medium":false,"medium_large":false,"large":false,"1536x1536":false,"2048x2048":false},"uagb_author_info":{"display_name":"admin","author_link":"https:\/\/finlead.es\/controllers\/author\/admin\/"},"uagb_comment_info":0,"uagb_excerpt":"ADMIN GENERAL PO&#8217;s management, Payroll Services, Accounts Payable Administraci\u00f3n General En el din\u00e1mico mundo de la producci\u00f3n audiovisual, mantener una gesti\u00f3n financiera precisa y eficiente es esencial. En Film Finance Support Spain, nos especializamos en la gesti\u00f3n integral de todas las transacciones econ\u00f3micas y administrativas de tu productora audiovisual. Ofrecemos una gama completa de servicios&hellip;","_links":{"self":[{"href":"https:\/\/finlead.es\/controllers\/wp-json\/wp\/v2\/pages\/1568","targetHints":{"allow":["GET"]}}],"collection":[{"href":"https:\/\/finlead.es\/controllers\/wp-json\/wp\/v2\/pages"}],"about":[{"href":"https:\/\/finlead.es\/controllers\/wp-json\/wp\/v2\/types\/page"}],"author":[{"embeddable":true,"href":"https:\/\/finlead.es\/controllers\/wp-json\/wp\/v2\/users\/1"}],"replies":[{"embeddable":true,"href":"https:\/\/finlead.es\/controllers\/wp-json\/wp\/v2\/comments?post=1568"}],"version-history":[{"count":22,"href":"https:\/\/finlead.es\/controllers\/wp-json\/wp\/v2\/pages\/1568\/revisions"}],"predecessor-version":[{"id":1894,"href":"https:\/\/finlead.es\/controllers\/wp-json\/wp\/v2\/pages\/1568\/revisions\/1894"}],"wp:attachment":[{"href":"https:\/\/finlead.es\/controllers\/wp-json\/wp\/v2\/media?parent=1568"}],"curies":[{"name":"wp","href":"https:\/\/api.w.org\/{rel}","templated":true}]}}