{"id":16,"date":"2021-06-08T09:07:52","date_gmt":"2021-06-08T09:07:52","guid":{"rendered":"https:\/\/finlead.es\/controllers\/home\/"},"modified":"2025-08-03T13:19:16","modified_gmt":"2025-08-03T11:19:16","slug":"home","status":"publish","type":"page","link":"https:\/\/finlead.es\/controllers\/","title":{"rendered":"FFSS"},"content":{"rendered":"\t\t<div data-elementor-type=\"wp-page\" data-elementor-id=\"16\" class=\"elementor elementor-16\">\n\t\t\t\t<div class=\"elementor-element elementor-element-20e6f5a e-flex e-con-boxed e-con e-parent\" data-id=\"20e6f5a\" data-element_type=\"container\" data-settings=\"{&quot;background_background&quot;:&quot;video&quot;,&quot;background_video_link&quot;:&quot;https:\\\/\\\/www.youtube.com\\\/watch?v=YCKvBM7veAE&quot;,&quot;background_video_start&quot;:0}\">\n\t\t\t\t\t<div class=\"e-con-inner\">\n\t\t<div class=\"elementor-background-video-container elementor-hidden-mobile\">\n\t\t\t\t\t\t\t<div class=\"elementor-background-video-embed\"><\/div>\n\t\t\t\t\t\t<\/div><div class=\"elementor-element elementor-element-fa7fb98 e-con-full e-flex e-con e-child\" data-id=\"fa7fb98\" data-element_type=\"container\" data-settings=\"{&quot;background_background&quot;:&quot;video&quot;,&quot;background_video_start&quot;:1}\">\n\t\t\t\t<div class=\"elementor-element elementor-element-4cf36f2 elementor-widget elementor-widget-heading\" data-id=\"4cf36f2\" data-element_type=\"widget\" data-widget_type=\"heading.default\">\n\t\t\t\t<div class=\"elementor-widget-container\">\n\t\t\t\t\t<h6 class=\"elementor-heading-title elementor-size-default\">SERVICIOS DE FINANZAS, COST CONTROL, CONTABILIDAD Y <br>ADMINISTRACI\u00d3N PARA PRODUCTORAS AUDIOVISUALES<\/h6>\t\t\t\t<\/div>\n\t\t\t\t<\/div>\n\t\t\t\t<div class=\"elementor-element elementor-element-b097460 elementor-widget elementor-widget-heading\" data-id=\"b097460\" data-element_type=\"widget\" data-widget_type=\"heading.default\">\n\t\t\t\t<div class=\"elementor-widget-container\">\n\t\t\t\t\t<h1 class=\"elementor-heading-title elementor-size-default\">FILM FINANCE SUPPORT SPAIN<\/h1>\t\t\t\t<\/div>\n\t\t\t\t<\/div>\n\t\t\t\t<div class=\"elementor-element elementor-element-1e9bf5c elementor-align-left elementor-widget-mobile__width-inherit elementor-widget elementor-widget-button\" data-id=\"1e9bf5c\" data-element_type=\"widget\" data-widget_type=\"button.default\">\n\t\t\t\t<div class=\"elementor-widget-container\">\n\t\t\t\t\t\t\t\t\t<div class=\"elementor-button-wrapper\">\n\t\t\t\t\t<a class=\"elementor-button elementor-button-link elementor-size-xl\" href=\"https:\/\/www.finlead.es\/controllers\/contacto\/\">\n\t\t\t\t\t\t<span class=\"elementor-button-content-wrapper\">\n\t\t\t\t\t\t\t\t\t<span class=\"elementor-button-text\">\u00bftienes un proyecto en el que te podamos ayudar?    <br><br> \u00a1CONT\u00c1CTANOS!<\/span>\n\t\t\t\t\t<\/span>\n\t\t\t\t\t<\/a>\n\t\t\t\t<\/div>\n\t\t\t\t\t\t\t\t<\/div>\n\t\t\t\t<\/div>\n\t\t\t\t<\/div>\n\t\t\t\t\t<\/div>\n\t\t\t\t<\/div>\n\t\t<div class=\"elementor-element elementor-element-9c60159 e-con-full e-flex e-con e-parent\" data-id=\"9c60159\" data-element_type=\"container\">\n\t\t<div class=\"elementor-element elementor-element-315b570 e-con-full e-flex e-con e-child\" data-id=\"315b570\" data-element_type=\"container\" data-settings=\"{&quot;background_background&quot;:&quot;classic&quot;}\">\n\t\t\t\t<div class=\"elementor-element elementor-element-2093811 elementor-widget__width-initial elementor-widget elementor-widget-heading\" data-id=\"2093811\" data-element_type=\"widget\" data-widget_type=\"heading.default\">\n\t\t\t\t<div class=\"elementor-widget-container\">\n\t\t\t\t\t<h3 class=\"elementor-heading-title elementor-size-default\"><a href=\"https:\/\/finlead.es\/controllers\/cfo\/\">DIRECCI\u00d3N FINANCIERA<br>CFO as a service<\/a><\/h3>\t\t\t\t<\/div>\n\t\t\t\t<\/div>\n\t\t\t\t<\/div>\n\t\t<div class=\"elementor-element elementor-element-1cfff61 e-con-full e-flex e-con e-child\" data-id=\"1cfff61\" data-element_type=\"container\" data-settings=\"{&quot;background_background&quot;:&quot;classic&quot;}\">\n\t\t\t\t<div class=\"elementor-element elementor-element-3a13e60 elementor-widget elementor-widget-heading\" data-id=\"3a13e60\" data-element_type=\"widget\" data-widget_type=\"heading.default\">\n\t\t\t\t<div class=\"elementor-widget-container\">\n\t\t\t\t\t<h3 class=\"elementor-heading-title elementor-size-default\"><a href=\"https:\/\/finlead.es\/controllers\/controllers-2\/\"><h3 data-elementor-setting-key=\"title\" data-pen-placeholder=\"Teclea aqu\u00ed...\" style=\"font-style: normal\"><span style=\"color: var(--ast-global-color-0);font-style: inherit\">COST CONTROLLERS<br>\n<\/span><span style=\"color: var(--ast-global-color-0);font-style: inherit\">From the start to the end<\/span><\/h3><\/a><\/h3>\t\t\t\t<\/div>\n\t\t\t\t<\/div>\n\t\t\t\t<\/div>\n\t\t\t\t<\/div>\n\t\t<div class=\"elementor-element elementor-element-cabce1a e-con-full e-flex e-con e-parent\" data-id=\"cabce1a\" data-element_type=\"container\">\n\t\t<div class=\"elementor-element elementor-element-63d8652 e-con-full e-flex e-con e-child\" data-id=\"63d8652\" data-element_type=\"container\" data-settings=\"{&quot;background_background&quot;:&quot;classic&quot;}\">\n\t\t\t\t<div class=\"elementor-element elementor-element-aecd0a0 elementor-widget elementor-widget-heading\" data-id=\"aecd0a0\" data-element_type=\"widget\" data-widget_type=\"heading.default\">\n\t\t\t\t<div class=\"elementor-widget-container\">\n\t\t\t\t\t<h3 class=\"elementor-heading-title elementor-size-default\"><a href=\"https:\/\/finlead.es\/controllers\/admin\/\">ADMIN<br>PO's Management<i>,<\/i> Payroll, <br>Accounts Payable<\/a><\/h3>\t\t\t\t<\/div>\n\t\t\t\t<\/div>\n\t\t\t\t<\/div>\n\t\t<div class=\"elementor-element elementor-element-ed45fa4 e-con-full e-flex e-con e-child\" data-id=\"ed45fa4\" data-element_type=\"container\" data-settings=\"{&quot;background_background&quot;:&quot;classic&quot;}\">\n\t\t\t\t<div class=\"elementor-element elementor-element-d6eb2b2 elementor-widget elementor-widget-heading\" data-id=\"d6eb2b2\" data-element_type=\"widget\" data-widget_type=\"heading.default\">\n\t\t\t\t<div class=\"elementor-widget-container\">\n\t\t\t\t\t<h3 class=\"elementor-heading-title elementor-size-default\"><a href=\"https:\/\/finlead.es\/controllers\/contabilidad\/\">CASH MANAGEMENT<br>Tesorer\u00eda, Liquidaciones, <br>Gesti\u00f3n Tarjetas Virtuales...<\/a><\/h3>\t\t\t\t<\/div>\n\t\t\t\t<\/div>\n\t\t\t\t<\/div>\n\t\t\t\t<\/div>\n\t\t<div class=\"elementor-element elementor-element-a253b15 e-flex e-con-boxed e-con e-parent\" data-id=\"a253b15\" data-element_type=\"container\" data-settings=\"{&quot;background_background&quot;:&quot;classic&quot;}\">\n\t\t\t\t\t<div class=\"e-con-inner\">\n\t\t<div class=\"elementor-element elementor-element-dd4c0fd e-con-full e-flex e-con e-child\" data-id=\"dd4c0fd\" data-element_type=\"container\">\n\t\t\t\t<div class=\"elementor-element elementor-element-4e4cba6 elementor-widget elementor-widget-icon-box\" data-id=\"4e4cba6\" data-element_type=\"widget\" data-widget_type=\"icon-box.default\">\n\t\t\t\t<div class=\"elementor-widget-container\">\n\t\t\t\t\t\t\t<div class=\"elementor-icon-box-wrapper\">\n\n\t\t\t\n\t\t\t\t\t\t<div class=\"elementor-icon-box-content\">\n\n\t\t\t\t\t\t\t\t\t<h4 class=\"elementor-icon-box-title\">\n\t\t\t\t\t\t<span  >\n\t\t\t\t\t\t\tPROFESIONALES, MET\u00d3DICOS Y APASIONADOS\u200b\t\t\t\t\t\t<\/span>\n\t\t\t\t\t<\/h4>\n\t\t\t\t\n\t\t\t\t\t\t\t\t\t<p class=\"elementor-icon-box-description\">\n\t\t\t\t\t\tNos adaptamos a tu proyecto. <br>Nuestro objetivo principal es proporcionar a nuestrxs clientxs las herramientas y el conocimiento necesario para optimizar sus presupuestos, <br>maximizar sus recursos y mejorar la rentabilidad de sus proyectos. <br>Creemos firmemente que una gesti\u00f3n financiera s\u00f3lida y un control riguroso de los costos son elementos fundamentales para el \u00e9xito en la industria audiovisual, y estamos comprometidos a ayudar a alcanzar sus metas comerciales y creativas.\t\t\t\t\t<\/p>\n\t\t\t\t\n\t\t\t<\/div>\n\t\t\t\n\t\t<\/div>\n\t\t\t\t\t\t<\/div>\n\t\t\t\t<\/div>\n\t\t\t\t<\/div>\n\t\t\t\t\t<\/div>\n\t\t\t\t<\/div>\n\t\t\t\t<\/div>\n\t\t","protected":false},"excerpt":{"rendered":"<p>SERVICIOS DE FINANZAS, COST CONTROL, CONTABILIDAD Y ADMINISTRACI\u00d3N PARA PRODUCTORAS AUDIOVISUALES FILM FINANCE SUPPORT SPAIN \u00bftienes un proyecto en el que te podamos ayudar? \u00a1CONT\u00c1CTANOS! DIRECCI\u00d3N FINANCIERACFO as a service COST CONTROLLERS From the start to the end ADMINPO&#8217;s Management, Payroll, Accounts Payable CASH MANAGEMENTTesorer\u00eda, Liquidaciones, Gesti\u00f3n Tarjetas Virtuales&#8230; PROFESIONALES, MET\u00d3DICOS Y APASIONADOS\u200b Nos adaptamos [&hellip;]<\/p>\n","protected":false},"author":1,"featured_media":0,"parent":0,"menu_order":0,"comment_status":"closed","ping_status":"closed","template":"","meta":{"_uag_custom_page_level_css":"","site-sidebar-layout":"no-sidebar","site-content-layout":"page-builder","ast-site-content-layout":"full-width-container","site-content-style":"unboxed","site-sidebar-style":"unboxed","ast-global-header-display":"","ast-banner-title-visibility":"","ast-main-header-display":"","ast-hfb-above-header-display":"","ast-hfb-below-header-display":"","ast-hfb-mobile-header-display":"","site-post-title":"disabled","ast-breadcrumbs-content":"disabled","ast-featured-img":"disabled","footer-sml-layout":"","theme-transparent-header-meta":"enabled","adv-header-id-meta":"","stick-header-meta":"","header-above-stick-meta":"","header-main-stick-meta":"","header-below-stick-meta":"","astra-migrate-meta-layouts":"set","ast-page-background-enabled":"default","ast-page-background-meta":{"desktop":{"background-color":"","background-image":"","background-repeat":"repeat","background-position":"center center","background-size":"auto","background-attachment":"scroll","background-type":"","background-media":"","overlay-type":"","overlay-color":"","overlay-opacity":"","overlay-gradient":""},"tablet":{"background-color":"","background-image":"","background-repeat":"repeat","background-position":"center center","background-size":"auto","background-attachment":"scroll","background-type":"","background-media":"","overlay-type":"","overlay-color":"","overlay-opacity":"","overlay-gradient":""},"mobile":{"background-color":"","background-image":"","background-repeat":"repeat","background-position":"center center","background-size":"auto","background-attachment":"scroll","background-type":"","background-media":"","overlay-type":"","overlay-color":"","overlay-opacity":"","overlay-gradient":""}},"ast-content-background-meta":{"desktop":{"background-color":"var(--ast-global-color-5)","background-image":"","background-repeat":"repeat","background-position":"center center","background-size":"auto","background-attachment":"scroll","background-type":"","background-media":"","overlay-type":"","overlay-color":"","overlay-opacity":"","overlay-gradient":""},"tablet":{"background-color":"var(--ast-global-color-5)","background-image":"","background-repeat":"repeat","background-position":"center center","background-size":"auto","background-attachment":"scroll","background-type":"","background-media":"","overlay-type":"","overlay-color":"","overlay-opacity":"","overlay-gradient":""},"mobile":{"background-color":"var(--ast-global-color-5)","background-image":"","background-repeat":"repeat","background-position":"center center","background-size":"auto","background-attachment":"scroll","background-type":"","background-media":"","overlay-type":"","overlay-color":"","overlay-opacity":"","overlay-gradient":""}},"footnotes":""},"class_list":["post-16","page","type-page","status-publish","hentry"],"uagb_featured_image_src":{"full":false,"thumbnail":false,"medium":false,"medium_large":false,"large":false,"1536x1536":false,"2048x2048":false},"uagb_author_info":{"display_name":"admin","author_link":"https:\/\/finlead.es\/controllers\/author\/admin\/"},"uagb_comment_info":0,"uagb_excerpt":"SERVICIOS DE FINANZAS, COST CONTROL, CONTABILIDAD Y ADMINISTRACI\u00d3N PARA PRODUCTORAS AUDIOVISUALES FILM FINANCE SUPPORT SPAIN \u00bftienes un proyecto en el que te podamos ayudar? \u00a1CONT\u00c1CTANOS! DIRECCI\u00d3N FINANCIERACFO as a service COST CONTROLLERS From the start to the end ADMINPO&#8217;s Management, Payroll, Accounts Payable CASH MANAGEMENTTesorer\u00eda, Liquidaciones, Gesti\u00f3n Tarjetas Virtuales&#8230; PROFESIONALES, MET\u00d3DICOS Y APASIONADOS\u200b Nos adaptamos&hellip;","_links":{"self":[{"href":"https:\/\/finlead.es\/controllers\/wp-json\/wp\/v2\/pages\/16","targetHints":{"allow":["GET"]}}],"collection":[{"href":"https:\/\/finlead.es\/controllers\/wp-json\/wp\/v2\/pages"}],"about":[{"href":"https:\/\/finlead.es\/controllers\/wp-json\/wp\/v2\/types\/page"}],"author":[{"embeddable":true,"href":"https:\/\/finlead.es\/controllers\/wp-json\/wp\/v2\/users\/1"}],"replies":[{"embeddable":true,"href":"https:\/\/finlead.es\/controllers\/wp-json\/wp\/v2\/comments?post=16"}],"version-history":[{"count":256,"href":"https:\/\/finlead.es\/controllers\/wp-json\/wp\/v2\/pages\/16\/revisions"}],"predecessor-version":[{"id":1983,"href":"https:\/\/finlead.es\/controllers\/wp-json\/wp\/v2\/pages\/16\/revisions\/1983"}],"wp:attachment":[{"href":"https:\/\/finlead.es\/controllers\/wp-json\/wp\/v2\/media?parent=16"}],"curies":[{"name":"wp","href":"https:\/\/api.w.org\/{rel}","templated":true}]}}