{"id":25,"date":"2021-06-08T09:25:33","date_gmt":"2021-06-08T09:25:33","guid":{"rendered":"https:\/\/finlead.es\/controllers\/lessons\/"},"modified":"2024-05-26T18:35:46","modified_gmt":"2024-05-26T16:35:46","slug":"queofrecemos","status":"publish","type":"page","link":"https:\/\/finlead.es\/controllers\/queofrecemos\/","title":{"rendered":"Qu\u00e9 Ofrecemos"},"content":{"rendered":"\t\t<div data-elementor-type=\"wp-page\" data-elementor-id=\"25\" class=\"elementor elementor-25\">\n\t\t\t\t<div class=\"elementor-element elementor-element-9f863a2 e-con-full e-flex e-con e-parent\" data-id=\"9f863a2\" data-element_type=\"container\" data-settings=\"{&quot;background_background&quot;:&quot;classic&quot;,&quot;shape_divider_bottom&quot;:&quot;tilt&quot;}\">\n\t\t\t\t<div class=\"elementor-shape elementor-shape-bottom\" aria-hidden=\"true\" data-negative=\"false\">\n\t\t\t<svg xmlns=\"http:\/\/www.w3.org\/2000\/svg\" viewBox=\"0 0 1000 100\" preserveAspectRatio=\"none\">\n\t<path class=\"elementor-shape-fill\" d=\"M0,6V0h1000v100L0,6z\"\/>\n<\/svg>\t\t<\/div>\n\t\t<div class=\"elementor-element elementor-element-8c0bb80 e-con-full e-flex e-con e-child\" data-id=\"8c0bb80\" data-element_type=\"container\" data-settings=\"{&quot;background_background&quot;:&quot;classic&quot;}\">\n\t\t\t\t<div class=\"elementor-element elementor-element-1e5c661 elementor-widget elementor-widget-icon-box\" data-id=\"1e5c661\" data-element_type=\"widget\" data-widget_type=\"icon-box.default\">\n\t\t\t\t<div class=\"elementor-widget-container\">\n\t\t\t\t\t\t\t<div class=\"elementor-icon-box-wrapper\">\n\n\t\t\t\n\t\t\t\t\t\t<div class=\"elementor-icon-box-content\">\n\n\t\t\t\t\t\t\t\t\t<h1 class=\"elementor-icon-box-title\">\n\t\t\t\t\t\t<span  >\n\t\t\t\t\t\t\tQu\u00e9 ofrecemos\t\t\t\t\t\t<\/span>\n\t\t\t\t\t<\/h1>\n\t\t\t\t\n\t\t\t\t\n\t\t\t<\/div>\n\t\t\t\n\t\t<\/div>\n\t\t\t\t\t\t<\/div>\n\t\t\t\t<\/div>\n\t\t\t\t<\/div>\n\t\t\t\t<\/div>\n\t\t<div class=\"elementor-element elementor-element-13e96bf e-flex e-con-boxed e-con e-parent\" data-id=\"13e96bf\" data-element_type=\"container\" data-settings=\"{&quot;background_background&quot;:&quot;classic&quot;}\">\n\t\t\t\t\t<div class=\"e-con-inner\">\n\t\t\t\t<div class=\"elementor-element elementor-element-ec87134 elementor-widget elementor-widget-text-editor\" data-id=\"ec87134\" data-element_type=\"widget\" data-widget_type=\"text-editor.default\">\n\t\t\t\t<div class=\"elementor-widget-container\">\n\t\t\t\t\t\t\t\t\t<p>Prestamos servicios de consultor\u00eda contable, administrativa y financiera, espec\u00edficos para el sector audiovisual, para los que son necesarios alta experiencia y cualificaci\u00f3n en materias de contabilidad, legal, finanzas y producci\u00f3n.<\/p><ul><li>Consultor\u00eda contable y de gesti\u00f3n: An\u00e1lisis para la integraci\u00f3n o consolidaci\u00f3n de estados financieros, implantaci\u00f3n de nuevos criterios , diagn\u00f3stico y plan de negocio, contabilidad anal\u00edtica y de costes.<br \/><br \/><\/li><li>Consolidaci\u00f3n de estados financieros <br \/><br \/><\/li><li><p>\u2018Cost controlling\u2019, administraci\u00f3n y gesti\u00f3n en rodaje.<\/p><\/li><li><p>Dise\u00f1o reconstrucci\u00f3n y puesta en marcha de contabilidades<\/p><\/li><li><p>Planificaci\u00f3n financiera y fiscal Diagn\u00f3stico e implantaci\u00f3n de procesos en el \u00e1rea econ\u00f3mico-financiera.<\/p><\/li><li><p>Asesoramiento para mejoras de eficiencia Informe de Procedimientos Acordados (IPA) -Justificaci\u00f3n de deducciones y bonificaciones fiscales<\/p><\/li><li><p>Regularizaci\u00f3n de balances<\/p><\/li><\/ul>\t\t\t\t\t\t\t\t<\/div>\n\t\t\t\t<\/div>\n\t\t\t\t\t<\/div>\n\t\t\t\t<\/div>\n\t\t\t\t<\/div>\n\t\t","protected":false},"excerpt":{"rendered":"<p>Qu\u00e9 ofrecemos Prestamos servicios de consultor\u00eda contable, administrativa y financiera, espec\u00edficos para el sector audiovisual, para los que son necesarios alta experiencia y cualificaci\u00f3n en materias de contabilidad, legal, finanzas y producci\u00f3n. Consultor\u00eda contable y de gesti\u00f3n: An\u00e1lisis para la integraci\u00f3n o consolidaci\u00f3n de estados financieros, implantaci\u00f3n de nuevos criterios , diagn\u00f3stico y plan de [&hellip;]<\/p>\n","protected":false},"author":1,"featured_media":0,"parent":0,"menu_order":0,"comment_status":"closed","ping_status":"closed","template":"","meta":{"_uag_custom_page_level_css":"","site-sidebar-layout":"no-sidebar","site-content-layout":"page-builder","ast-site-content-layout":"default","site-content-style":"default","site-sidebar-style":"default","ast-global-header-display":"","ast-banner-title-visibility":"","ast-main-header-display":"","ast-hfb-above-header-display":"","ast-hfb-below-header-display":"","ast-hfb-mobile-header-display":"","site-post-title":"disabled","ast-breadcrumbs-content":"disabled","ast-featured-img":"disabled","footer-sml-layout":"","theme-transparent-header-meta":"enabled","adv-header-id-meta":"","stick-header-meta":"","header-above-stick-meta":"","header-main-stick-meta":"","header-below-stick-meta":"","astra-migrate-meta-layouts":"default","ast-page-background-enabled":"default","ast-page-background-meta":{"desktop":{"background-color":"","background-image":"","background-repeat":"repeat","background-position":"center center","background-size":"auto","background-attachment":"scroll","background-type":"","background-media":"","overlay-type":"","overlay-color":"","overlay-opacity":"","overlay-gradient":""},"tablet":{"background-color":"","background-image":"","background-repeat":"repeat","background-position":"center center","background-size":"auto","background-attachment":"scroll","background-type":"","background-media":"","overlay-type":"","overlay-color":"","overlay-opacity":"","overlay-gradient":""},"mobile":{"background-color":"","background-image":"","background-repeat":"repeat","background-position":"center center","background-size":"auto","background-attachment":"scroll","background-type":"","background-media":"","overlay-type":"","overlay-color":"","overlay-opacity":"","overlay-gradient":""}},"ast-content-background-meta":{"desktop":{"background-color":"var(--ast-global-color-5)","background-image":"","background-repeat":"repeat","background-position":"center center","background-size":"auto","background-attachment":"scroll","background-type":"","background-media":"","overlay-type":"","overlay-color":"","overlay-opacity":"","overlay-gradient":""},"tablet":{"background-color":"var(--ast-global-color-5)","background-image":"","background-repeat":"repeat","background-position":"center center","background-size":"auto","background-attachment":"scroll","background-type":"","background-media":"","overlay-type":"","overlay-color":"","overlay-opacity":"","overlay-gradient":""},"mobile":{"background-color":"var(--ast-global-color-5)","background-image":"","background-repeat":"repeat","background-position":"center center","background-size":"auto","background-attachment":"scroll","background-type":"","background-media":"","overlay-type":"","overlay-color":"","overlay-opacity":"","overlay-gradient":""}},"footnotes":""},"class_list":["post-25","page","type-page","status-publish","hentry"],"uagb_featured_image_src":{"full":false,"thumbnail":false,"medium":false,"medium_large":false,"large":false,"1536x1536":false,"2048x2048":false},"uagb_author_info":{"display_name":"admin","author_link":"https:\/\/finlead.es\/controllers\/author\/admin\/"},"uagb_comment_info":0,"uagb_excerpt":"Qu\u00e9 ofrecemos Prestamos servicios de consultor\u00eda contable, administrativa y financiera, espec\u00edficos para el sector audiovisual, para los que son necesarios alta experiencia y cualificaci\u00f3n en materias de contabilidad, legal, finanzas y producci\u00f3n. Consultor\u00eda contable y de gesti\u00f3n: An\u00e1lisis para la integraci\u00f3n o consolidaci\u00f3n de estados financieros, implantaci\u00f3n de nuevos criterios , diagn\u00f3stico y plan de&hellip;","_links":{"self":[{"href":"https:\/\/finlead.es\/controllers\/wp-json\/wp\/v2\/pages\/25","targetHints":{"allow":["GET"]}}],"collection":[{"href":"https:\/\/finlead.es\/controllers\/wp-json\/wp\/v2\/pages"}],"about":[{"href":"https:\/\/finlead.es\/controllers\/wp-json\/wp\/v2\/types\/page"}],"author":[{"embeddable":true,"href":"https:\/\/finlead.es\/controllers\/wp-json\/wp\/v2\/users\/1"}],"replies":[{"embeddable":true,"href":"https:\/\/finlead.es\/controllers\/wp-json\/wp\/v2\/comments?post=25"}],"version-history":[{"count":19,"href":"https:\/\/finlead.es\/controllers\/wp-json\/wp\/v2\/pages\/25\/revisions"}],"predecessor-version":[{"id":1857,"href":"https:\/\/finlead.es\/controllers\/wp-json\/wp\/v2\/pages\/25\/revisions\/1857"}],"wp:attachment":[{"href":"https:\/\/finlead.es\/controllers\/wp-json\/wp\/v2\/media?parent=25"}],"curies":[{"name":"wp","href":"https:\/\/api.w.org\/{rel}","templated":true}]}}