{"id":29,"date":"2021-06-08T09:26:09","date_gmt":"2021-06-08T09:26:09","guid":{"rendered":"https:\/\/finlead.es\/controllers\/about\/"},"modified":"2024-05-26T19:30:41","modified_gmt":"2024-05-26T17:30:41","slug":"about","status":"publish","type":"page","link":"https:\/\/finlead.es\/controllers\/about\/","title":{"rendered":"Sobre nosotros"},"content":{"rendered":"\t\t<div data-elementor-type=\"wp-page\" data-elementor-id=\"29\" class=\"elementor elementor-29\">\n\t\t\t\t<div class=\"elementor-element elementor-element-af9412d e-con-full e-flex e-con e-parent\" data-id=\"af9412d\" data-element_type=\"container\" data-settings=\"{&quot;background_background&quot;:&quot;classic&quot;,&quot;shape_divider_bottom&quot;:&quot;tilt&quot;}\">\n\t\t\t\t<div class=\"elementor-shape elementor-shape-bottom\" aria-hidden=\"true\" data-negative=\"false\">\n\t\t\t<svg xmlns=\"http:\/\/www.w3.org\/2000\/svg\" viewBox=\"0 0 1000 100\" preserveAspectRatio=\"none\">\n\t<path class=\"elementor-shape-fill\" d=\"M0,6V0h1000v100L0,6z\"\/>\n<\/svg>\t\t<\/div>\n\t\t<div class=\"elementor-element elementor-element-6d39f74 e-con-full e-flex e-con e-child\" data-id=\"6d39f74\" data-element_type=\"container\">\n\t\t\t\t<div class=\"elementor-element elementor-element-da65723 elementor-widget elementor-widget-icon-box\" data-id=\"da65723\" data-element_type=\"widget\" data-widget_type=\"icon-box.default\">\n\t\t\t\t<div class=\"elementor-widget-container\">\n\t\t\t\t\t\t\t<div class=\"elementor-icon-box-wrapper\">\n\n\t\t\t\n\t\t\t\t\t\t<div class=\"elementor-icon-box-content\">\n\n\t\t\t\t\t\t\t\t\t<h1 class=\"elementor-icon-box-title\">\n\t\t\t\t\t\t<span  >\n\t\t\t\t\t\t\tSobre nosotros<br>\n\t\t\t\t\t\t<\/span>\n\t\t\t\t\t<\/h1>\n\t\t\t\t\n\t\t\t\t\t\t\t\t\t<p class=\"elementor-icon-box-description\">\n\t\t\t\t\t\tNuestra experiencia.\t\t\t\t\t<\/p>\n\t\t\t\t\n\t\t\t<\/div>\n\t\t\t\n\t\t<\/div>\n\t\t\t\t\t\t<\/div>\n\t\t\t\t<\/div>\n\t\t\t\t<\/div>\n\t\t\t\t<\/div>\n\t\t<div class=\"elementor-element elementor-element-6b1874c e-flex e-con-boxed e-con e-parent\" data-id=\"6b1874c\" data-element_type=\"container\" data-settings=\"{&quot;background_background&quot;:&quot;classic&quot;}\">\n\t\t\t\t\t<div class=\"e-con-inner\">\n\t\t<div class=\"elementor-element elementor-element-439e0a0 e-con-full e-flex e-con e-child\" data-id=\"439e0a0\" data-element_type=\"container\">\n\t\t<div class=\"elementor-element elementor-element-7d14d1a e-con-full e-flex e-con e-child\" data-id=\"7d14d1a\" data-element_type=\"container\">\n\t\t\t\t<div class=\"elementor-element elementor-element-8b0ee63 elementor-vertical-align-top elementor-invisible elementor-widget elementor-widget-icon-box\" data-id=\"8b0ee63\" data-element_type=\"widget\" data-settings=\"{&quot;_animation&quot;:&quot;fadeInDown&quot;}\" data-widget_type=\"icon-box.default\">\n\t\t\t\t<div class=\"elementor-widget-container\">\n\t\t\t\t\t\t\t<div class=\"elementor-icon-box-wrapper\">\n\n\t\t\t\n\t\t\t\t\t\t<div class=\"elementor-icon-box-content\">\n\n\t\t\t\t\t\t\t\t\t<h4 class=\"elementor-icon-box-title\">\n\t\t\t\t\t\t<span  >\n\t\t\t\t\t\t\tQui\u00e9n somos\t\t\t\t\t\t<\/span>\n\t\t\t\t\t<\/h4>\n\t\t\t\t\n\t\t\t\t\t\t\t\t\t<p class=\"elementor-icon-box-description\">\n\t\t\t\t\t\tNuestra Empresa es una empresa especializada en servicios financieros y control de costos para la industria audiovisual. Contamos con un equipo de profesionales altamente experimentados en \u00e1reas clave como fiscalidad, administraci\u00f3n y producci\u00f3n.<br><br>\n\nNuestros expertos en fiscalidad tienen una amplia experiencia trabajando en firmas de renombre, especializ\u00e1ndose en sectores como TMT y fiscalidad internacional. Adem\u00e1s, nuestro equipo cuenta con una s\u00f3lida trayectoria en roles de responsabilidad en administraci\u00f3n y finanzas en diversas empresas, lo que garantiza un enfoque integral para la gesti\u00f3n financiera.\n<br><br>\nEn cuanto al control de costos en producci\u00f3n, contamos con profesionales con una amplia experiencia en producciones audiovisuales, tanto a nivel nacional como internacional. Han desempe\u00f1ado roles clave en la gesti\u00f3n de costos en sets de filmaci\u00f3n y en la administraci\u00f3n general de proyectos, asegurando una ejecuci\u00f3n eficiente y rentable.\n<br><br>\nJuntos, nuestro equipo ofrece una combinaci\u00f3n \u00fanica de conocimientos y experiencia en gesti\u00f3n financiera y control de costos, lo que nos permite proporcionar soluciones integrales y efectivas para las necesidades financieras de la industria audiovisual.\t\t\t\t\t<\/p>\n\t\t\t\t\n\t\t\t<\/div>\n\t\t\t\n\t\t<\/div>\n\t\t\t\t\t\t<\/div>\n\t\t\t\t<\/div>\n\t\t\t\t<\/div>\n\t\t\t\t<\/div>\n\t\t\t\t<div class=\"elementor-element elementor-element-e8e1b18 elementor-widget__width-initial elementor-widget elementor-widget-image\" data-id=\"e8e1b18\" data-element_type=\"widget\" data-widget_type=\"image.default\">\n\t\t\t\t<div class=\"elementor-widget-container\">\n\t\t\t\t\t\t\t\t\t\t\t\t\t\t\t<img fetchpriority=\"high\" decoding=\"async\" width=\"768\" height=\"1033\" src=\"https:\/\/finlead.es\/controllers\/wp-content\/uploads\/2024\/03\/camera-film-footage-2029821-768x1033.png\" class=\"attachment-medium_large size-medium_large wp-image-1347\" alt=\"camera, film, footage-2029821.jpg\" srcset=\"https:\/\/finlead.es\/controllers\/wp-content\/uploads\/2024\/03\/camera-film-footage-2029821-768x1033.png 768w, https:\/\/finlead.es\/controllers\/wp-content\/uploads\/2024\/03\/camera-film-footage-2029821-223x300.png 223w, https:\/\/finlead.es\/controllers\/wp-content\/uploads\/2024\/03\/camera-film-footage-2029821-762x1024.png 762w, https:\/\/finlead.es\/controllers\/wp-content\/uploads\/2024\/03\/camera-film-footage-2029821.png 952w\" sizes=\"(max-width: 768px) 100vw, 768px\" \/>\t\t\t\t\t\t\t\t\t\t\t\t\t\t\t<\/div>\n\t\t\t\t<\/div>\n\t\t\t\t\t<\/div>\n\t\t\t\t<\/div>\n\t\t<div class=\"elementor-element elementor-element-311992f e-flex e-con-boxed e-con e-parent\" data-id=\"311992f\" data-element_type=\"container\" data-settings=\"{&quot;background_background&quot;:&quot;classic&quot;}\">\n\t\t\t\t\t<div class=\"e-con-inner\">\n\t\t<div class=\"elementor-element elementor-element-904f0d0 e-con-full e-flex e-con e-child\" data-id=\"904f0d0\" data-element_type=\"container\">\n\t\t\t\t<div class=\"elementor-element elementor-element-80e4529 elementor-widget elementor-widget-image\" data-id=\"80e4529\" data-element_type=\"widget\" data-widget_type=\"image.default\">\n\t\t\t\t<div class=\"elementor-widget-container\">\n\t\t\t\t\t\t\t\t\t\t\t\t\t\t\t<img decoding=\"async\" width=\"1024\" height=\"1024\" src=\"https:\/\/finlead.es\/controllers\/wp-content\/uploads\/2024\/04\/240bb61e-e13f-4d5e-bb1d-1e0b91c181d7.jpeg\" class=\"attachment-large size-large wp-image-1737\" alt=\"\" srcset=\"https:\/\/finlead.es\/controllers\/wp-content\/uploads\/2024\/04\/240bb61e-e13f-4d5e-bb1d-1e0b91c181d7.jpeg 1024w, https:\/\/finlead.es\/controllers\/wp-content\/uploads\/2024\/04\/240bb61e-e13f-4d5e-bb1d-1e0b91c181d7-300x300.jpeg 300w, https:\/\/finlead.es\/controllers\/wp-content\/uploads\/2024\/04\/240bb61e-e13f-4d5e-bb1d-1e0b91c181d7-150x150.jpeg 150w, https:\/\/finlead.es\/controllers\/wp-content\/uploads\/2024\/04\/240bb61e-e13f-4d5e-bb1d-1e0b91c181d7-768x768.jpeg 768w\" sizes=\"(max-width: 1024px) 100vw, 1024px\" \/>\t\t\t\t\t\t\t\t\t\t\t\t\t\t\t<\/div>\n\t\t\t\t<\/div>\n\t\t\t\t<\/div>\n\t\t<div class=\"elementor-element elementor-element-a710591 e-con-full e-flex e-con e-child\" data-id=\"a710591\" data-element_type=\"container\">\n\t\t\t\t<div class=\"elementor-element elementor-element-1e9761d elementor-widget elementor-widget-text-editor\" data-id=\"1e9761d\" data-element_type=\"widget\" data-widget_type=\"text-editor.default\">\n\t\t\t\t<div class=\"elementor-widget-container\">\n\t\t\t\t\t\t\t\t\t<p>\u00a0<\/p><h3>Sobre nosotros\u200b<\/h3><p><span style=\"text-align: center; white-space-collapse: preserve;\">Como expertos tanto en cine como en finanzas, nos especializamos en controlar y revisar meticulosamente la documentaci\u00f3n para asegurar un reporte preciso y detallado. Nuestro equipo est\u00e1 dedicado a brindar servicios de primera calidad que satisfagan las necesidades de nuestros clientes con atenci\u00f3n meticulosa al detalle y enfoque en lograr los mejores resultados. Ya sea que requiera asistencia con financiamiento de producci\u00f3n o necesite ayuda para navegar requisitos regulatorios complejos, tenemos la experiencia y dedicaci\u00f3n necesarias para ayudarlo a alcanzar el \u00e9xito. Con a\u00f1os de experiencia en la industria y un historial probado de \u00e9xito, estamos seguros de que podemos proporcionar la orientaci\u00f3n y el apoyo que necesita para alcanzar sus objetivos.<\/span><\/p>\t\t\t\t\t\t\t\t<\/div>\n\t\t\t\t<\/div>\n\t\t\t\t<\/div>\n\t\t\t\t\t<\/div>\n\t\t\t\t<\/div>\n\t\t<div class=\"elementor-element elementor-element-e0cb7c5 e-flex e-con-boxed e-con e-parent\" data-id=\"e0cb7c5\" data-element_type=\"container\" data-settings=\"{&quot;background_background&quot;:&quot;classic&quot;}\">\n\t\t\t\t\t<div class=\"e-con-inner\">\n\t\t<div class=\"elementor-element elementor-element-333bd0a e-con-full e-flex e-con e-child\" data-id=\"333bd0a\" data-element_type=\"container\">\n\t\t\t\t<div class=\"elementor-element elementor-element-14a81d8 elementor-widget elementor-widget-image\" data-id=\"14a81d8\" data-element_type=\"widget\" data-widget_type=\"image.default\">\n\t\t\t\t<div class=\"elementor-widget-container\">\n\t\t\t\t\t\t\t\t\t\t\t\t\t\t\t<img decoding=\"async\" width=\"1024\" height=\"1024\" src=\"https:\/\/finlead.es\/controllers\/wp-content\/uploads\/2021\/06\/98361c5f-903b-4e76-9307-3c3a1e4633ec.webp\" class=\"attachment-large size-large wp-image-1840\" alt=\"\" srcset=\"https:\/\/finlead.es\/controllers\/wp-content\/uploads\/2021\/06\/98361c5f-903b-4e76-9307-3c3a1e4633ec.webp 1024w, https:\/\/finlead.es\/controllers\/wp-content\/uploads\/2021\/06\/98361c5f-903b-4e76-9307-3c3a1e4633ec-300x300.webp 300w, https:\/\/finlead.es\/controllers\/wp-content\/uploads\/2021\/06\/98361c5f-903b-4e76-9307-3c3a1e4633ec-150x150.webp 150w, https:\/\/finlead.es\/controllers\/wp-content\/uploads\/2021\/06\/98361c5f-903b-4e76-9307-3c3a1e4633ec-768x768.webp 768w\" sizes=\"(max-width: 1024px) 100vw, 1024px\" \/>\t\t\t\t\t\t\t\t\t\t\t\t\t\t\t<\/div>\n\t\t\t\t<\/div>\n\t\t\t\t<\/div>\n\t\t<div class=\"elementor-element elementor-element-0a73a85 e-con-full e-flex e-con e-child\" data-id=\"0a73a85\" data-element_type=\"container\">\n\t\t\t\t<div class=\"elementor-element elementor-element-9e8d4f0 elementor-widget elementor-widget-text-editor\" data-id=\"9e8d4f0\" data-element_type=\"widget\" data-widget_type=\"text-editor.default\">\n\t\t\t\t<div class=\"elementor-widget-container\">\n\t\t\t\t\t\t\t\t\t<h3>\u00bfQu\u00e9 nos motiva?\u200b<\/h3><p>En nuestra trayectoria profesional, hemos tenido el privilegio de trabajar en diferentes roles dentro de la industria audiovisual. Desde nuestra experiencia, hemos identificado una necesidad recurrente y significativa en este sector: la gesti\u00f3n eficiente de los recursos financieros y el control de costos en las producciones audiovisuales.<br \/>Motivados por la pasi\u00f3n por el mundo del entretenimiento nos hemos propuesto establecer nuestra propia empresa especializada en brindar servicios financieros y de control de costos espec\u00edficamente adaptados a las productoras audiovisuales.<br \/><br \/>Adem\u00e1s, estamos motivados por la oportunidad de contribuir al crecimiento y desarrollo de la industria audiovisual y abrir nuevas posibilidades para la realizaci\u00f3n de proyectos innovadores y de alta calidad.<br \/><br \/>En resumen, nos motiva el deseo de hacer una diferencia positiva en la industria audiovisual, proporcionando servicios financieros y de control de costos de alta calidad que permitan a las productoras alcanzar su m\u00e1ximo potencial y llevar a cabo proyectos exitosos y sostenibles en el mercado actual. \u200b<\/p>\t\t\t\t\t\t\t\t<\/div>\n\t\t\t\t<\/div>\n\t\t\t\t<\/div>\n\t\t\t\t\t<\/div>\n\t\t\t\t<\/div>\n\t\t\t\t<\/div>\n\t\t","protected":false},"excerpt":{"rendered":"<p>Sobre nosotros Nuestra experiencia. Qui\u00e9n somos Nuestra Empresa es una empresa especializada en servicios financieros y control de costos para la industria audiovisual. Contamos con un equipo de profesionales altamente experimentados en \u00e1reas clave como fiscalidad, administraci\u00f3n y producci\u00f3n. Nuestros expertos en fiscalidad tienen una amplia experiencia trabajando en firmas de renombre, especializ\u00e1ndose en sectores [&hellip;]<\/p>\n","protected":false},"author":1,"featured_media":0,"parent":0,"menu_order":0,"comment_status":"closed","ping_status":"closed","template":"","meta":{"_uag_custom_page_level_css":"","site-sidebar-layout":"no-sidebar","site-content-layout":"page-builder","ast-site-content-layout":"default","site-content-style":"default","site-sidebar-style":"default","ast-global-header-display":"","ast-banner-title-visibility":"","ast-main-header-display":"","ast-hfb-above-header-display":"","ast-hfb-below-header-display":"","ast-hfb-mobile-header-display":"","site-post-title":"disabled","ast-breadcrumbs-content":"disabled","ast-featured-img":"disabled","footer-sml-layout":"","theme-transparent-header-meta":"enabled","adv-header-id-meta":"","stick-header-meta":"","header-above-stick-meta":"","header-main-stick-meta":"","header-below-stick-meta":"","astra-migrate-meta-layouts":"default","ast-page-background-enabled":"default","ast-page-background-meta":{"desktop":{"background-color":"","background-image":"","background-repeat":"repeat","background-position":"center center","background-size":"auto","background-attachment":"scroll","background-type":"","background-media":"","overlay-type":"","overlay-color":"","overlay-opacity":"","overlay-gradient":""},"tablet":{"background-color":"","background-image":"","background-repeat":"repeat","background-position":"center center","background-size":"auto","background-attachment":"scroll","background-type":"","background-media":"","overlay-type":"","overlay-color":"","overlay-opacity":"","overlay-gradient":""},"mobile":{"background-color":"","background-image":"","background-repeat":"repeat","background-position":"center center","background-size":"auto","background-attachment":"scroll","background-type":"","background-media":"","overlay-type":"","overlay-color":"","overlay-opacity":"","overlay-gradient":""}},"ast-content-background-meta":{"desktop":{"background-color":"var(--ast-global-color-5)","background-image":"","background-repeat":"repeat","background-position":"center center","background-size":"auto","background-attachment":"scroll","background-type":"","background-media":"","overlay-type":"","overlay-color":"","overlay-opacity":"","overlay-gradient":""},"tablet":{"background-color":"var(--ast-global-color-5)","background-image":"","background-repeat":"repeat","background-position":"center center","background-size":"auto","background-attachment":"scroll","background-type":"","background-media":"","overlay-type":"","overlay-color":"","overlay-opacity":"","overlay-gradient":""},"mobile":{"background-color":"var(--ast-global-color-5)","background-image":"","background-repeat":"repeat","background-position":"center center","background-size":"auto","background-attachment":"scroll","background-type":"","background-media":"","overlay-type":"","overlay-color":"","overlay-opacity":"","overlay-gradient":""}},"footnotes":""},"class_list":["post-29","page","type-page","status-publish","hentry"],"uagb_featured_image_src":{"full":false,"thumbnail":false,"medium":false,"medium_large":false,"large":false,"1536x1536":false,"2048x2048":false},"uagb_author_info":{"display_name":"admin","author_link":"https:\/\/finlead.es\/controllers\/author\/admin\/"},"uagb_comment_info":0,"uagb_excerpt":"Sobre nosotros Nuestra experiencia. Qui\u00e9n somos Nuestra Empresa es una empresa especializada en servicios financieros y control de costos para la industria audiovisual. Contamos con un equipo de profesionales altamente experimentados en \u00e1reas clave como fiscalidad, administraci\u00f3n y producci\u00f3n. Nuestros expertos en fiscalidad tienen una amplia experiencia trabajando en firmas de renombre, especializ\u00e1ndose en sectores&hellip;","_links":{"self":[{"href":"https:\/\/finlead.es\/controllers\/wp-json\/wp\/v2\/pages\/29","targetHints":{"allow":["GET"]}}],"collection":[{"href":"https:\/\/finlead.es\/controllers\/wp-json\/wp\/v2\/pages"}],"about":[{"href":"https:\/\/finlead.es\/controllers\/wp-json\/wp\/v2\/types\/page"}],"author":[{"embeddable":true,"href":"https:\/\/finlead.es\/controllers\/wp-json\/wp\/v2\/users\/1"}],"replies":[{"embeddable":true,"href":"https:\/\/finlead.es\/controllers\/wp-json\/wp\/v2\/comments?post=29"}],"version-history":[{"count":69,"href":"https:\/\/finlead.es\/controllers\/wp-json\/wp\/v2\/pages\/29\/revisions"}],"predecessor-version":[{"id":1906,"href":"https:\/\/finlead.es\/controllers\/wp-json\/wp\/v2\/pages\/29\/revisions\/1906"}],"wp:attachment":[{"href":"https:\/\/finlead.es\/controllers\/wp-json\/wp\/v2\/media?parent=29"}],"curies":[{"name":"wp","href":"https:\/\/api.w.org\/{rel}","templated":true}]}}